{"id":15764,"date":"2024-05-16T14:13:37","date_gmt":"2024-05-16T14:13:37","guid":{"rendered":"https:\/\/gestnord.ca\/?page_id=15764"},"modified":"2025-02-04T14:04:01","modified_gmt":"2025-02-04T19:04:01","slug":"carrieres","status":"publish","type":"page","link":"https:\/\/gestnord.ca\/fr\/carrieres\/","title":{"rendered":"Carri\u00e8res"},"content":{"rendered":"\t\t<div data-elementor-type=\"wp-page\" data-elementor-id=\"15764\" class=\"elementor elementor-15764\" data-elementor-post-type=\"page\">\n\t\t\t\t<div class=\"wd-negative-gap elementor-element elementor-element-4f9e527e e-flex e-con-boxed e-con e-parent\" data-id=\"4f9e527e\" data-element_type=\"container\" data-e-type=\"container\">\n\t\t\t\t\t<div class=\"e-con-inner\">\n\t\t<div class=\"elementor-element elementor-element-585c1b4d e-con-full e-flex e-con e-child\" data-id=\"585c1b4d\" data-element_type=\"container\" data-e-type=\"container\">\n\t\t\t\t<div class=\"elementor-element elementor-element-74e97ca1 elementor-widget__width-initial elementor-widget-tablet__width-initial elementor-widget-mobile__width-initial elementor-widget elementor-widget-wd_button\" data-id=\"74e97ca1\" data-element_type=\"widget\" data-e-type=\"widget\" data-widget_type=\"wd_button.default\">\n\t\t\t\t<div class=\"elementor-widget-container\">\n\t\t\t\t\t\t\t<div class=\"wd-button-wrapper text-center wd-smooth-scroll\"  data-smooth-time=\"100\" data-smooth-offset=\"100\">\n\t\t\t<a class=\"btn btn-style-default btn-shape-rectangle btn-size-default btn-icon-pos-right\"  href=\"#pourquoi\">\n\t\t\t\t<span class=\"wd-btn-text\" data-elementor-setting-key=\"text\">\n\t\t\t\t\tPourquoi GESTNORD?\t\t\t\t<\/span>\n\n\t\t\t\t\t\t\t<\/a>\n\t\t<\/div>\n\t\t\t\t\t\t<\/div>\n\t\t\t\t<\/div>\n\t\t\t\t<div class=\"elementor-element elementor-element-4669e821 elementor-widget__width-initial elementor-widget-tablet__width-initial elementor-widget elementor-widget-wd_button\" data-id=\"4669e821\" data-element_type=\"widget\" data-e-type=\"widget\" data-widget_type=\"wd_button.default\">\n\t\t\t\t<div class=\"elementor-widget-container\">\n\t\t\t\t\t\t\t<div class=\"wd-button-wrapper text-center\" >\n\t\t\t<a class=\"btn btn-style-default btn-shape-rectangle btn-size-default btn-icon-pos-right\"  href=\"#affichages\">\n\t\t\t\t<span class=\"wd-btn-text\" data-elementor-setting-key=\"text\">\n\t\t\t\t\tPostes affich\u00e9es\t\t\t\t<\/span>\n\n\t\t\t\t\t\t\t<\/a>\n\t\t<\/div>\n\t\t\t\t\t\t<\/div>\n\t\t\t\t<\/div>\n\t\t\t\t<\/div>\n\t\t<div class=\"elementor-element elementor-element-40446c1a e-con-full elementor-hidden-mobile e-flex e-con e-child\" data-id=\"40446c1a\" data-element_type=\"container\" data-e-type=\"container\">\n\t\t\t\t<\/div>\n\t\t\t\t\t<\/div>\n\t\t\t\t<\/div>\n\t\t<div class=\"elementor-element elementor-element-38d2596 e-flex e-con-boxed e-con e-parent\" data-id=\"38d2596\" data-element_type=\"container\" data-e-type=\"container\">\n\t\t\t\t\t<div class=\"e-con-inner\">\n\t\t<div class=\"elementor-element elementor-element-fc25030 e-con-full e-flex e-con e-child\" data-id=\"fc25030\" data-element_type=\"container\" data-e-type=\"container\">\n\t\t\t\t<div class=\"elementor-element elementor-element-5719072 wd-width-100 elementor-widget elementor-widget-wd_title\" data-id=\"5719072\" data-element_type=\"widget\" data-e-type=\"widget\" data-widget_type=\"wd_title.default\">\n\t\t\t\t<div class=\"elementor-widget-container\">\n\t\t\t\t\t\t\t<div class=\"title-wrapper wd-set-mb reset-last-child wd-title-color-default wd-title-style-default wd-title-size-default text-center\">\n\n\t\t\t\n\t\t\t<div class=\"liner-continer\">\n\t\t\t\t<h4 class=\"woodmart-title-container title wd-fontsize-l\">Devenez membre de l'\u00e9quipe !<\/h4> \n\t\t\t\t\t\t\t<\/div>\n\n\t\t\t\t\t<\/div>\n\t\t\t\t\t\t<\/div>\n\t\t\t\t<\/div>\n\t\t\t\t<div class=\"elementor-element elementor-element-fbf1786 wd-width-100 elementor-widget elementor-widget-wd_title\" data-id=\"fbf1786\" data-element_type=\"widget\" data-e-type=\"widget\" data-widget_type=\"wd_title.default\">\n\t\t\t\t<div class=\"elementor-widget-container\">\n\t\t\t\t\t\t\t<div class=\"title-wrapper wd-set-mb reset-last-child wd-title-color-default wd-title-style-default wd-title-size-default text-left\">\n\n\t\t\t\n\t\t\t<div class=\"liner-continer\">\n\t\t\t\t<h4 class=\"woodmart-title-container title wd-fontsize-l\"><\/h4> \n\t\t\t\t\t\t\t<\/div>\n\n\t\t\t\t\t\t\t<div class=\"title-after_title reset-last-child wd-fontsize-xs\">\n\t\t\t\t\t<p>Chez GESTNORD Investments, nous croyons que nos employ\u00e9s sont notre plus grand atout. En tant qu'employeur, nous nous effor\u00e7ons de cr\u00e9er un environnement o\u00f9 le talent est valoris\u00e9, la cr\u00e9ativit\u00e9 encourag\u00e9e, et la croissance professionnelle est primordiale. Voici ce que vous pouvez attendre lorsque vous rejoignez notre \u00e9quipe:<\/p>\t\t\t\t<\/div>\n\t\t\t\t\t<\/div>\n\t\t\t\t\t\t<\/div>\n\t\t\t\t<\/div>\n\t\t\t\t<div class=\"elementor-element elementor-element-2ca6750 elementor-cta--skin-cover elementor-animated-content elementor-bg-transform elementor-bg-transform-zoom-in elementor-widget elementor-widget-call-to-action\" data-id=\"2ca6750\" data-element_type=\"widget\" data-e-type=\"widget\" data-widget_type=\"call-to-action.default\">\n\t\t\t\t<div class=\"elementor-widget-container\">\n\t\t\t\t\t\t\t<div class=\"elementor-cta\">\n\t\t\t\t\t<div class=\"elementor-cta__bg-wrapper\">\n\t\t\t\t<div class=\"elementor-cta__bg elementor-bg\" style=\"background-image: url(https:\/\/gestnord.ca\/wp-content\/uploads\/2024\/07\/footer_gest-1300x722.png);\" role=\"img\" aria-label=\"\"><\/div>\n\t\t\t\t<div class=\"elementor-cta__bg-overlay\"><\/div>\n\t\t\t<\/div>\n\t\t\t\t\t\t\t<div class=\"elementor-cta__content\">\n\t\t\t\t\n\t\t\t\t\t\t\t\t\t<h2 class=\"elementor-cta__title elementor-cta__content-item elementor-content-item elementor-animated-item--grow\">\n\t\t\t\t\t\tAllez sur notre portail de recrutement\t\t\t\t\t<\/h2>\n\t\t\t\t\n\t\t\t\t\t\t\t\t\t<div class=\"elementor-cta__description elementor-cta__content-item elementor-content-item elementor-animated-item--grow\">\n\t\t\t\t\t\tpour postuler ou simplement voir les affichages courants\t\t\t\t\t<\/div>\n\t\t\t\t\n\t\t\t\t\t\t\t\t\t<div class=\"elementor-cta__button-wrapper elementor-cta__content-item elementor-content-item elementor-animated-item--grow\">\n\t\t\t\t\t<a class=\"elementor-cta__button elementor-button elementor-size-\" href=\"https:\/\/carrieres.gestnord.ca\/jobs\/carrieres\" target=\"_blank\">\n\t\t\t\t\t\tACC\u00c9DEZ AU PORTAIL MAINTENANT\t\t\t\t\t<\/a>\n\t\t\t\t\t<\/div>\n\t\t\t\t\t\t\t<\/div>\n\t\t\t\t\t\t<\/div>\n\t\t\t\t\t\t<\/div>\n\t\t\t\t<\/div>\n\t\t\t\t<\/div>\n\t\t\t\t\t<\/div>\n\t\t\t\t<\/div>\n\t\t<div class=\"elementor-element elementor-element-b1cfeb0 e-flex e-con-boxed e-con e-parent\" data-id=\"b1cfeb0\" data-element_type=\"container\" data-e-type=\"container\" id=\"pourquoi\">\n\t\t\t\t\t<div class=\"e-con-inner\">\n\t\t<div class=\"elementor-element elementor-element-3945986 e-con-full e-flex e-con e-child\" data-id=\"3945986\" data-element_type=\"container\" data-e-type=\"container\">\n\t\t\t\t<div class=\"elementor-element elementor-element-455864c wd-width-100 elementor-widget elementor-widget-wd_title\" data-id=\"455864c\" data-element_type=\"widget\" data-e-type=\"widget\" data-widget_type=\"wd_title.default\">\n\t\t\t\t<div class=\"elementor-widget-container\">\n\t\t\t\t\t\t\t<div class=\"title-wrapper wd-set-mb reset-last-child wd-title-color-default wd-title-style-default wd-title-size-default text-left\">\n\n\t\t\t\n\t\t\t<div class=\"liner-continer\">\n\t\t\t\t<h4 class=\"woodmart-title-container title wd-fontsize-l\">Pourquoi Nous Choisir ?<\/h4> \n\t\t\t\t\t\t\t<\/div>\n\n\t\t\t\t\t\t\t<div class=\"title-after_title reset-last-child wd-fontsize-xs\">\n\t\t\t\t\t<p><strong>Engagement envers l'excellence<\/strong><br \/>Rejoignez une \u00e9quipe qui fixe des normes \u00e9lev\u00e9es et cherche constamment \u00e0 s'am\u00e9liorer. L'excellence est au c\u0153ur de notre culture, que vous travailliez sur des projets, collaboriez avec des coll\u00e8gues ou interagissiez avec des clients.<\/p><p><strong><br \/>Environnement de travail favorable<\/strong><br \/>Travaillez aux c\u00f4t\u00e9s de professionnels talentueux dans un environnement propice \u00e0 la collaboration et \u00e0 l'esprit d'\u00e9quipe. Notre culture inclusive encourage la communication ouverte et le partage d'id\u00e9es.<\/p><p><strong>R\u00e9mun\u00e9ration compet\u00e9tif<\/strong><br \/>Rejoindre notre entreprise, c'est b\u00e9n\u00e9ficier d'une r\u00e9mun\u00e9ration comp\u00e9titive accompagn\u00e9e d'un plan de pension attrayant. Nous offrons une assurance collective pour vous et votre famille, ainsi que des horaires de travail flexibles pour mieux concilier vie professionnelle et personnelle. Vous profiterez \u00e9galement d'une pension alimentaire et d'un salaire comp\u00e9titif, en plus de nombreux autres avantages.<\/p>\t\t\t\t<\/div>\n\t\t\t\t\t<\/div>\n\t\t\t\t\t\t<\/div>\n\t\t\t\t<\/div>\n\t\t\t\t<\/div>\n\t\t<div class=\"elementor-element elementor-element-4669c9a e-con-full e-flex e-con e-child\" data-id=\"4669c9a\" data-element_type=\"container\" data-e-type=\"container\">\n\t\t\t\t<div class=\"elementor-element elementor-element-90accf4 wd-width-100 elementor-widget elementor-widget-wd_title\" data-id=\"90accf4\" data-element_type=\"widget\" data-e-type=\"widget\" data-widget_type=\"wd_title.default\">\n\t\t\t\t<div class=\"elementor-widget-container\">\n\t\t\t\t\t\t\t<div class=\"title-wrapper wd-set-mb reset-last-child wd-title-color-default wd-title-style-default wd-title-size-default text-left\">\n\n\t\t\t\n\t\t\t<div class=\"liner-continer\">\n\t\t\t\t<h4 class=\"woodmart-title-container title wd-fontsize-l\">Why Choose Us?<\/h4> \n\t\t\t\t\t\t\t<\/div>\n\n\t\t\t\t\t\t\t<div class=\"title-after_title reset-last-child wd-fontsize-xs\">\n\t\t\t\t\t<br \/><br \/><p><strong>\u00c9quilibre vie professionnelle\/vie priv\u00e9e<br \/><\/strong>Nous priorisons votre bien-\u00eatre tout en atteignant les objectifs commerciaux. Profitez d'un environnement de soutien qui vous aide \u00e0 \u00e9quilibrer efficacement votre vie personnelle et professionnelle.<\/p><p><strong><br \/>Travail impactant<\/strong><br \/>Faites une diff\u00e9rence significative en impulsant le succ\u00e8s de l'entreprise et en impactant les industries. Que ce soit dans la prise de d\u00e9cisions strat\u00e9giques ou les activit\u00e9s op\u00e9rationnelles, votre travail est important.<\/p><p><strong><br \/>Opportunit\u00e9s d'avancement<\/strong><br \/>D\u00e9veloppez votre carri\u00e8re avec des opportunit\u00e9s de promotion et de reconnaissance du travail acharn\u00e9. La mobilit\u00e9 interne vous permet de relever de nouveaux d\u00e9fis et d'\u00e9tendre vos responsabilit\u00e9s.<\/p>\t\t\t\t<\/div>\n\t\t\t\t\t<\/div>\n\t\t\t\t\t\t<\/div>\n\t\t\t\t<\/div>\n\t\t\t\t<\/div>\n\t\t\t\t\t<\/div>\n\t\t\t\t<\/div>\n\t\t<div class=\"elementor-element elementor-element-9087766 e-flex e-con-boxed e-con e-parent\" data-id=\"9087766\" data-element_type=\"container\" data-e-type=\"container\">\n\t\t\t\t\t<div class=\"e-con-inner\">\n\t\t<div class=\"elementor-element elementor-element-fb882d5 e-con-full e-flex e-con e-child\" data-id=\"fb882d5\" data-element_type=\"container\" data-e-type=\"container\">\n\t\t\t\t<div class=\"elementor-element elementor-element-1fc340e wd-width-100 elementor-widget elementor-widget-wd_title\" data-id=\"1fc340e\" data-element_type=\"widget\" data-e-type=\"widget\" data-widget_type=\"wd_title.default\">\n\t\t\t\t<div class=\"elementor-widget-container\">\n\t\t\t\t\t\t\t<div class=\"title-wrapper wd-set-mb reset-last-child wd-title-color-default wd-title-style-default wd-title-size-default text-left\">\n\n\t\t\t\n\t\t\t<div class=\"liner-continer\">\n\t\t\t\t<h4 class=\"woodmart-title-container title wd-fontsize-l\">Rejoignez la Famille !<\/h4> \n\t\t\t\t\t\t\t<\/div>\n\n\t\t\t\t\t\t\t<div class=\"title-after_title reset-last-child wd-fontsize-xs\">\n\t\t\t\t\t<p>Rejoignez-nous chez GESTNORD Investissements et faites partie d'une \u00e9quipe dynamique qui fa\u00e7onne l'avenir de plusieurs industries. Nous sommes toujours \u00e0 la recherche de personnes talentueuses partageant notre passion pour l'excellence, l'innovation et la croissance. D\u00e9couvrez nos opportunit\u00e9s d'emploi actuelles et franchissez la prochaine \u00e9tape de votre carri\u00e8re avec nous. Nous sommes impatients de vous accueillir dans notre \u00e9quipe!<\/p>\t\t\t\t<\/div>\n\t\t\t\t\t<\/div>\n\t\t\t\t\t\t<\/div>\n\t\t\t\t<\/div>\n\t\t\t\t<\/div>\n\t\t\t\t\t<\/div>\n\t\t\t\t<\/div>\n\t\t<div class=\"elementor-element elementor-element-9795006 wd-section-stretch e-con-full e-flex e-con e-parent\" data-id=\"9795006\" data-element_type=\"container\" data-e-type=\"container\" id=\"affichages\" data-settings=\"{&quot;background_background&quot;:&quot;classic&quot;}\">\n\t\t<div class=\"elementor-element elementor-element-94c1eca e-con-full e-flex e-con e-child\" data-id=\"94c1eca\" data-element_type=\"container\" data-e-type=\"container\">\n\t\t<div class=\"elementor-element elementor-element-d4eb76c e-con-full e-flex e-con e-child\" data-id=\"d4eb76c\" data-element_type=\"container\" data-e-type=\"container\">\n\t\t\t\t<div class=\"elementor-element elementor-element-2fe060d wd-width-100 elementor-widget elementor-widget-wd_title\" data-id=\"2fe060d\" data-element_type=\"widget\" data-e-type=\"widget\" data-widget_type=\"wd_title.default\">\n\t\t\t\t<div class=\"elementor-widget-container\">\n\t\t\t\t\t\t\t<div class=\"title-wrapper wd-set-mb reset-last-child wd-title-color-default wd-title-style-default wd-title-size-default text-center\">\n\n\t\t\t\n\t\t\t<div class=\"liner-continer\">\n\t\t\t\t<h4 class=\"woodmart-title-container title wd-fontsize-l\">Postes actuellement affich\u00e9s<\/h4> \n\t\t\t\t\t\t\t<\/div>\n\n\t\t\t\t\t<\/div>\n\t\t\t\t\t\t<\/div>\n\t\t\t\t<\/div>\n\t\t\t\t<div class=\"elementor-element elementor-element-fae1e7c elementor-widget elementor-widget-html\" data-id=\"fae1e7c\" data-element_type=\"widget\" data-e-type=\"widget\" data-widget_type=\"html.default\">\n\t\t\t\t<div class=\"elementor-widget-container\">\n\t\t\t\t\t<link rel=\"stylesheet\" href=\"https:\/\/static.zohocdn.com\/recruit\/embed_careers_site\/css\/v1.1\/embed_jobs.css\" type=\"text\/css\">\r\n<div class=\"embed_jobs_head embed_jobs_with_style_3\">\r\n\t<div class=\"embed_jobs_head2\">\r\n\t\t<div class=\"embed_jobs_head3\">\r\n\t\t\t<div id=\"rec_job_listing_div\"> <\/div>\r\n\t\t\t<script type=\"text\/javascript\" src=\"https:\/\/static.zohocdn.com\/recruit\/embed_careers_site\/javascript\/v1.1\/embed_jobs.js\"><\/script>\r\n\t\t\t<script type=\"text\/javascript\">\r\n\t\t\trec_embed_js.load({\r\n\t\t\t\twidget_id:\"rec_job_listing_div\",\r\n\t\t\t\tpage_name:\"Careers\",\r\n\t\t\t\tsource:\"CareerSite\",\r\n\t\t\t\tsite:\"https:\/\/carrieres.gestnord.ca\",\r\n\t\t\t\tbrand_color:\"#333333\",\r\n\t\t\t\tempty_job_msg:\"Aucun poste n'est affich\u00e9 en ce moment.\"\r\n\t\t\t});\r\n\t\t\t<\/script>\r\n\t\t<\/div>\r\n\t<\/div>\r\n<\/div>\r\n\t\t\t\t<\/div>\n\t\t\t\t<\/div>\n\t\t\t\t<\/div>\n\t\t\t\t<\/div>\n\t\t\t\t<\/div>\n\t\t\t\t<\/div>\n\t\t","protected":false},"excerpt":{"rendered":"<p>Pourquoi GESTNORD? Postes affich\u00e9es Devenez membre de l&rsquo;\u00e9quipe ! Chez GESTNORD Investments, nous croyons que nos employ\u00e9s sont notre plus<\/p>\n","protected":false},"author":1,"featured_media":0,"parent":0,"menu_order":0,"comment_status":"closed","ping_status":"closed","template":"","meta":{"footnotes":""},"class_list":["post-15764","page","type-page","status-publish","hentry"],"yoast_head":"<!-- This site is optimized with the Yoast SEO plugin v27.4 - https:\/\/yoast.com\/product\/yoast-seo-wordpress\/ -->\n<title>Carri\u00e8res - Groupe GESTNORD Inc.<\/title>\n<meta name=\"robots\" content=\"index, follow, max-snippet:-1, max-image-preview:large, max-video-preview:-1\" \/>\n<link rel=\"canonical\" href=\"https:\/\/gestnord.ca\/fr\/carrieres\/\" \/>\n<meta property=\"og:locale\" content=\"fr_CA\" \/>\n<meta property=\"og:type\" content=\"article\" \/>\n<meta property=\"og:title\" content=\"Carri\u00e8res - Groupe GESTNORD Inc.\" \/>\n<meta property=\"og:description\" content=\"Pourquoi GESTNORD? Postes affich\u00e9es Devenez membre de l&rsquo;\u00e9quipe ! Chez GESTNORD Investments, nous croyons que nos employ\u00e9s sont notre plus\" \/>\n<meta property=\"og:url\" content=\"https:\/\/gestnord.ca\/fr\/carrieres\/\" \/>\n<meta property=\"og:site_name\" content=\"Groupe GESTNORD Inc.\" \/>\n<meta property=\"article:modified_time\" content=\"2025-02-04T19:04:01+00:00\" \/>\n<meta name=\"twitter:card\" content=\"summary_large_image\" \/>\n<meta name=\"twitter:label1\" content=\"Estimation du temps de lecture\" \/>\n\t<meta name=\"twitter:data1\" content=\"2 minutes\" \/>\n<script type=\"application\/ld+json\" class=\"yoast-schema-graph\">{\"@context\":\"https:\\\/\\\/schema.org\",\"@graph\":[{\"@type\":\"WebPage\",\"@id\":\"https:\\\/\\\/gestnord.ca\\\/fr\\\/carrieres\\\/\",\"url\":\"https:\\\/\\\/gestnord.ca\\\/fr\\\/carrieres\\\/\",\"name\":\"Carri\u00e8res - Groupe GESTNORD Inc.\",\"isPartOf\":{\"@id\":\"https:\\\/\\\/gestnord.ca\\\/fr\\\/#website\"},\"datePublished\":\"2024-05-16T14:13:37+00:00\",\"dateModified\":\"2025-02-04T19:04:01+00:00\",\"breadcrumb\":{\"@id\":\"https:\\\/\\\/gestnord.ca\\\/fr\\\/carrieres\\\/#breadcrumb\"},\"inLanguage\":\"fr-CA\",\"potentialAction\":[{\"@type\":\"ReadAction\",\"target\":[\"https:\\\/\\\/gestnord.ca\\\/fr\\\/carrieres\\\/\"]}]},{\"@type\":\"BreadcrumbList\",\"@id\":\"https:\\\/\\\/gestnord.ca\\\/fr\\\/carrieres\\\/#breadcrumb\",\"itemListElement\":[{\"@type\":\"ListItem\",\"position\":1,\"name\":\"Accueil\",\"item\":\"https:\\\/\\\/gestnord.ca\\\/fr\\\/\"},{\"@type\":\"ListItem\",\"position\":2,\"name\":\"Carri\u00e8res\"}]},{\"@type\":\"WebSite\",\"@id\":\"https:\\\/\\\/gestnord.ca\\\/fr\\\/#website\",\"url\":\"https:\\\/\\\/gestnord.ca\\\/fr\\\/\",\"name\":\"Groupe GESTNORD Inc.\",\"description\":\"\",\"potentialAction\":[{\"@type\":\"SearchAction\",\"target\":{\"@type\":\"EntryPoint\",\"urlTemplate\":\"https:\\\/\\\/gestnord.ca\\\/fr\\\/?s={search_term_string}\"},\"query-input\":{\"@type\":\"PropertyValueSpecification\",\"valueRequired\":true,\"valueName\":\"search_term_string\"}}],\"inLanguage\":\"fr-CA\"}]}<\/script>\n<!-- \/ Yoast SEO plugin. -->","yoast_head_json":{"title":"Carri\u00e8res - Groupe GESTNORD Inc.","robots":{"index":"index","follow":"follow","max-snippet":"max-snippet:-1","max-image-preview":"max-image-preview:large","max-video-preview":"max-video-preview:-1"},"canonical":"https:\/\/gestnord.ca\/fr\/carrieres\/","og_locale":"fr_CA","og_type":"article","og_title":"Carri\u00e8res - Groupe GESTNORD Inc.","og_description":"Pourquoi GESTNORD? Postes affich\u00e9es Devenez membre de l&rsquo;\u00e9quipe ! Chez GESTNORD Investments, nous croyons que nos employ\u00e9s sont notre plus","og_url":"https:\/\/gestnord.ca\/fr\/carrieres\/","og_site_name":"Groupe GESTNORD Inc.","article_modified_time":"2025-02-04T19:04:01+00:00","twitter_card":"summary_large_image","twitter_misc":{"Estimation du temps de lecture":"2 minutes"},"schema":{"@context":"https:\/\/schema.org","@graph":[{"@type":"WebPage","@id":"https:\/\/gestnord.ca\/fr\/carrieres\/","url":"https:\/\/gestnord.ca\/fr\/carrieres\/","name":"Carri\u00e8res - Groupe GESTNORD Inc.","isPartOf":{"@id":"https:\/\/gestnord.ca\/fr\/#website"},"datePublished":"2024-05-16T14:13:37+00:00","dateModified":"2025-02-04T19:04:01+00:00","breadcrumb":{"@id":"https:\/\/gestnord.ca\/fr\/carrieres\/#breadcrumb"},"inLanguage":"fr-CA","potentialAction":[{"@type":"ReadAction","target":["https:\/\/gestnord.ca\/fr\/carrieres\/"]}]},{"@type":"BreadcrumbList","@id":"https:\/\/gestnord.ca\/fr\/carrieres\/#breadcrumb","itemListElement":[{"@type":"ListItem","position":1,"name":"Accueil","item":"https:\/\/gestnord.ca\/fr\/"},{"@type":"ListItem","position":2,"name":"Carri\u00e8res"}]},{"@type":"WebSite","@id":"https:\/\/gestnord.ca\/fr\/#website","url":"https:\/\/gestnord.ca\/fr\/","name":"Groupe GESTNORD Inc.","description":"","potentialAction":[{"@type":"SearchAction","target":{"@type":"EntryPoint","urlTemplate":"https:\/\/gestnord.ca\/fr\/?s={search_term_string}"},"query-input":{"@type":"PropertyValueSpecification","valueRequired":true,"valueName":"search_term_string"}}],"inLanguage":"fr-CA"}]}},"jetpack_sharing_enabled":true,"_links":{"self":[{"href":"https:\/\/gestnord.ca\/fr\/wp-json\/wp\/v2\/pages\/15764","targetHints":{"allow":["GET"]}}],"collection":[{"href":"https:\/\/gestnord.ca\/fr\/wp-json\/wp\/v2\/pages"}],"about":[{"href":"https:\/\/gestnord.ca\/fr\/wp-json\/wp\/v2\/types\/page"}],"author":[{"embeddable":true,"href":"https:\/\/gestnord.ca\/fr\/wp-json\/wp\/v2\/users\/1"}],"replies":[{"embeddable":true,"href":"https:\/\/gestnord.ca\/fr\/wp-json\/wp\/v2\/comments?post=15764"}],"version-history":[{"count":108,"href":"https:\/\/gestnord.ca\/fr\/wp-json\/wp\/v2\/pages\/15764\/revisions"}],"predecessor-version":[{"id":16737,"href":"https:\/\/gestnord.ca\/fr\/wp-json\/wp\/v2\/pages\/15764\/revisions\/16737"}],"wp:attachment":[{"href":"https:\/\/gestnord.ca\/fr\/wp-json\/wp\/v2\/media?parent=15764"}],"curies":[{"name":"wp","href":"https:\/\/api.w.org\/{rel}","templated":true}]}}